{"id":9560,"date":"2024-11-28T09:22:05","date_gmt":"2024-11-28T09:22:05","guid":{"rendered":"https:\/\/shop.himostrail.fi\/?post_type=product&#038;p=9560"},"modified":"2026-04-28T16:09:38","modified_gmt":"2026-04-28T16:09:38","slug":"himos-jamsa-adventure-2025-extreme-6h","status":"publish","type":"product","link":"https:\/\/shop.himostrail.fi\/index.php\/tuote\/himos-jamsa-adventure-2025-extreme-6h\/","title":{"rendered":"Himos-J\u00e4ms\u00e4 Adventure 2026 &#8211; Extreme 6h"},"content":{"rendered":"<h3>Extreme 6h -sarja<\/h3>\n<ul>\n<li>avoin sarja vapaasti valittavalla kokoonpanolla sek\u00e4 sekajoukkuesarja, jossa joukkueessa v\u00e4hint\u00e4\u00e4n yksi nainen<\/li>\n<li>matka n. 65km<\/li>\n<li>(maasto)py\u00f6r\u00e4ily 45-55km, juoksu\/suunnistus 10-14km, melonta 5-6km<\/li>\n<li>py\u00f6r\u00e4ily\u00e4, polkujuoksua\/suunnistusta, melontaa sek\u00e4 seikkailullisia yll\u00e4tysteht\u00e4vi\u00e4<\/li>\n<li>kilpasarja, jossa osuudet ovat muita sarjoja hieman haastavampia ja joka haastaa my\u00f6s lajissa aiemmin kisanneet<\/li>\n<li>suunnistusosuuksilla vaativuustaso kasvaa Challenge-sarjasta ja mukana on ainakin yksi hieman haastavampi suunnistusosuus, jossa irrottaudutaan selkeist\u00e4 kulku-urista er\u00e4maan puolelle<\/li>\n<\/ul>\n<h3>Pakolliset varusteet<\/h3>\n<ul>\n<li>(maasto)py\u00f6r\u00e4, py\u00f6r\u00e4ilykyp\u00e4r\u00e4 ja renkaanvaihto-\/paikkausv\u00e4lineet<\/li>\n<li>matkapuhelin vesitiiviisti pakattuna<\/li>\n<li>ensiapupakkaus (laastari, ensiside, urheiluteippi, avaruuslakana)<\/li>\n<li>SIAC-kortti (1\/joukkue, oma tai j\u00e4rjest\u00e4jilt\u00e4 vuokrattu)<\/li>\n<li>kelluntaliivi vesill\u00e4 (tulee j\u00e4rjest\u00e4jilt\u00e4)<\/li>\n<\/ul>\n<h3>Osanottomaksu sis\u00e4lt\u00e4\u00e4<\/h3>\n<ul>\n<li>Melontakaluston kelluntaliiveineen ja meloineen<\/li>\n<li>Tasokkaan ja monipuolisen buffet-ruokailun kilpailun j\u00e4lkeen Ravintola Liiteriss\u00e4<\/li>\n<li>Ranta- ja savusaunan porealtaineen kilpailun j\u00e4lkeen<\/li>\n<li>Kilpailumateriaalit: s\u00e4\u00e4nkest\u00e4v\u00e4t kartat, reittikirja, numerolaput<\/li>\n<li>Ajanoton ja tulospalvelun (mahdollinen SIAC-kortin vuokra 6\u20ac\/joukkue ei sis\u00e4lly hintaan)<\/li>\n<li>Quest-rastit ja niill\u00e4 tarvittavat erikoisvarusteet<\/li>\n<li>Tavarapalkinnot Challenge 6h-sarjan kolmelle ja Extreme 6h-, Challenge 8h- ja Extreme 8h -sarjojen kahdelle nopeimmalle joukkueelle ja monipuoliset arvontapalkinnot Enjoy 4h, Enjoy 6h ja Enjoy 8h -sarjoissa sek\u00e4 kaikkien osallistujien kesken<\/li>\n<li>Vett\u00e4, urheilujuomaa ja energiapitoista purtavaa tapahtuman yhdell\u00e4 vaihtopaikalla<\/li>\n<li>Suomen suurimmat WC-tilat tapahtumakeskuksessa<\/li>\n<\/ul>\n","protected":false},"excerpt":{"rendered":"<p>Extreme 6h -sarja avoin sarja vapaasti valittavalla kokoonpanolla sek\u00e4 sekajoukkuesarja, jossa joukkueessa v\u00e4hint\u00e4\u00e4n yksi nainen matka n. 65km (maasto)py\u00f6r\u00e4ily 45-55km, juoksu\/suunnistus 10-14km, melonta 5-6km py\u00f6r\u00e4ily\u00e4, polkujuoksua\/suunnistusta, melontaa sek\u00e4 seikkailullisia yll\u00e4tysteht\u00e4vi\u00e4 kilpasarja, jossa osuudet ovat muita sarjoja hieman haastavampia ja joka haastaa my\u00f6s lajissa aiemmin kisanneet suunnistusosuuksilla vaativuustaso kasvaa Challenge-sarjasta ja mukana on ainakin yksi hieman&hellip;&nbsp;<a href=\"https:\/\/shop.himostrail.fi\/index.php\/tuote\/himos-jamsa-adventure-2025-extreme-6h\/\" class=\"\" rel=\"bookmark\">Lue lis\u00e4\u00e4 &raquo;<span class=\"screen-reader-text\">Himos-J\u00e4ms\u00e4 Adventure 2026 &#8211; Extreme 6h<\/span><\/a><\/p>\n","protected":false},"featured_media":9561,"template":"","meta":{"neve_meta_sidebar":"","neve_meta_container":"","neve_meta_enable_content_width":"off","neve_meta_content_width":0,"neve_meta_title_alignment":"","neve_meta_author_avatar":"","neve_post_elements_order":"","neve_meta_disable_header":"","neve_meta_disable_footer":"","neve_meta_disable_title":""},"_links":{"self":[{"href":"https:\/\/shop.himostrail.fi\/index.php\/wp-json\/wp\/v2\/product\/9560"}],"collection":[{"href":"https:\/\/shop.himostrail.fi\/index.php\/wp-json\/wp\/v2\/product"}],"about":[{"href":"https:\/\/shop.himostrail.fi\/index.php\/wp-json\/wp\/v2\/types\/product"}],"wp:featuredmedia":[{"embeddable":true,"href":"https:\/\/shop.himostrail.fi\/index.php\/wp-json\/wp\/v2\/media\/9561"}],"wp:attachment":[{"href":"https:\/\/shop.himostrail.fi\/index.php\/wp-json\/wp\/v2\/media?parent=9560"}],"curies":[{"name":"wp","href":"https:\/\/api.w.org\/{rel}","templated":true}]}}