{"id":5959,"date":"2023-04-27T17:38:14","date_gmt":"2023-04-27T17:38:14","guid":{"rendered":"https:\/\/shop.himostrail.fi\/?post_type=product&#038;p=5959"},"modified":"2026-05-06T14:36:32","modified_gmt":"2026-05-06T14:36:32","slug":"karttateline-himos-jamsa-adventure-2023","status":"publish","type":"product","link":"https:\/\/shop.himostrail.fi\/index.php\/tuote\/karttateline-himos-jamsa-adventure-2023\/","title":{"rendered":"Karttateline &#8211; Himos-J\u00e4ms\u00e4 Adventure 2026"},"content":{"rendered":"<p>Vuokraa karttateline Himos-J\u00e4ms\u00e4 Adventureen. Vuokrattu karttateline noudetaan tapahtuman kisatoimistosta pe 15.5 klo 19 alkaen tai lauantain tapahtumap\u00e4iv\u00e4n\u00e4. Tee seikkailustasi miellytt\u00e4v\u00e4mpi!<\/p>\n","protected":false},"excerpt":{"rendered":"<p>Vuokraa karttateline Himos-J\u00e4ms\u00e4 Adventureen. Vuokrattu karttateline noudetaan tapahtuman kisatoimistosta pe 15.5 klo 19 alkaen tai lauantain tapahtumap\u00e4iv\u00e4n\u00e4. Tee seikkailustasi miellytt\u00e4v\u00e4mpi!<\/p>\n","protected":false},"featured_media":5960,"template":"","meta":{"neve_meta_sidebar":"","neve_meta_container":"","neve_meta_enable_content_width":"off","neve_meta_content_width":0,"neve_meta_title_alignment":"","neve_meta_author_avatar":"","neve_post_elements_order":"","neve_meta_disable_header":"","neve_meta_disable_footer":"","neve_meta_disable_title":""},"_links":{"self":[{"href":"https:\/\/shop.himostrail.fi\/index.php\/wp-json\/wp\/v2\/product\/5959"}],"collection":[{"href":"https:\/\/shop.himostrail.fi\/index.php\/wp-json\/wp\/v2\/product"}],"about":[{"href":"https:\/\/shop.himostrail.fi\/index.php\/wp-json\/wp\/v2\/types\/product"}],"wp:featuredmedia":[{"embeddable":true,"href":"https:\/\/shop.himostrail.fi\/index.php\/wp-json\/wp\/v2\/media\/5960"}],"wp:attachment":[{"href":"https:\/\/shop.himostrail.fi\/index.php\/wp-json\/wp\/v2\/media?parent=5959"}],"curies":[{"name":"wp","href":"https:\/\/api.w.org\/{rel}","templated":true}]}}