{"id":3296,"date":"2022-02-18T20:22:03","date_gmt":"2022-02-18T20:22:03","guid":{"rendered":"https:\/\/shop.himostrail.fi\/?post_type=product&#038;p=3296"},"modified":"2026-04-30T17:33:59","modified_gmt":"2026-04-30T17:33:59","slug":"himos-jamsa-adventure-2022-enjoy-4h","status":"publish","type":"product","link":"https:\/\/shop.himostrail.fi\/index.php\/tuote\/himos-jamsa-adventure-2022-enjoy-4h\/","title":{"rendered":"Himos-J\u00e4ms\u00e4 Adventure 2026 &#8211; Enjoy 4h"},"content":{"rendered":"<h3>Enjoy 4h -sarja<\/h3>\n<ul>\n<li>joukkueessa vapaa kokoonpano \u2013 kaikki osallistuvat samaan sarjaan<\/li>\n<li>matka n. 35km<\/li>\n<li>py\u00f6r\u00e4ily 20-25km, juoksu\/suunnistus 5-7km, melonta 3-4km<\/li>\n<li>py\u00f6r\u00e4ily\u00e4, polkujuoksua\/suunnistusta, melontaa ja yll\u00e4tysteht\u00e4vi\u00e4<\/li>\n<li>suunnistusosuudet tukeutuvat polkuihin ja muihin ohjaaviin kohteisiin ja ovat riitt\u00e4v\u00e4n helppoja my\u00f6s vasta-alkajille\u00a0\u2013 toki suunnistuksen karttamerkit on oltava hallussa<\/li>\n<li>matalan kynnyksen sarja, jossa p\u00e4\u00e4set tutustumaan lajiin helposti ja turvallisesti<\/li>\n<\/ul>\n<h3>Pakolliset varusteet<\/h3>\n<ul>\n<li>py\u00f6r\u00e4, py\u00f6r\u00e4ilykyp\u00e4r\u00e4 ja renkaanvaihto-\/paikkausv\u00e4lineet<\/li>\n<li>matkapuhelin vesitiiviisti pakattuna<\/li>\n<li>ensiapupakkaus (laastari, ensiside, urheiluteippi, avaruuslakana)<\/li>\n<li>SIAC-kortti (1\/joukkue, oma tai j\u00e4rjest\u00e4jilt\u00e4 vuokrattu)<\/li>\n<li>kelluntaliivi vesill\u00e4 (tulee j\u00e4rjest\u00e4jilt\u00e4)<\/li>\n<\/ul>\n<h3>Osanottomaksu sis\u00e4lt\u00e4\u00e4<\/h3>\n<ul>\n<li>Melontakaluston kelluntaliiveineen ja meloineen<\/li>\n<li>Tasokkaan ja monipuolisen buffet-ruokailun kilpailun j\u00e4lkeen Ravintola Liiteriss\u00e4<\/li>\n<li>Ranta- ja savusaunan porealtaineen kilpailun j\u00e4lkeen<\/li>\n<li>Kilpailumateriaalit: s\u00e4\u00e4nkest\u00e4v\u00e4t kartat, reittikirja, numerolaput<\/li>\n<li>Ajanoton ja tulospalvelun (mahdollinen SIAC-kortin vuokra 6\u20ac\/joukkue ei sis\u00e4lly hintaan)<\/li>\n<li>Quest-rastit ja niill\u00e4 tarvittavat erikoisvarusteet<\/li>\n<li>Tavarapalkinnot Challenge 6h-sarjan kolmelle ja Extreme 6h-, Challenge 8h- ja Extreme 8h -sarjojen kahdelle nopeimmalle joukkueelle ja monipuoliset arvontapalkinnot Enjoy 4h, Enjoy 6h ja Enjoy 8h -sarjoissa sek\u00e4 kaikkien osallistujien kesken<\/li>\n<li>Vett\u00e4, urheilujuomaa ja energiapitoista purtavaa tapahtuman yhdell\u00e4 vaihtopaikalla<\/li>\n<li>Suomen suurimmat WC-tilat tapahtumakeskuksessa<\/li>\n<\/ul>\n","protected":false},"excerpt":{"rendered":"<p>Enjoy 4h -sarja joukkueessa vapaa kokoonpano \u2013 kaikki osallistuvat samaan sarjaan matka n. 35km py\u00f6r\u00e4ily 20-25km, juoksu\/suunnistus 5-7km, melonta 3-4km py\u00f6r\u00e4ily\u00e4, polkujuoksua\/suunnistusta, melontaa ja yll\u00e4tysteht\u00e4vi\u00e4 suunnistusosuudet tukeutuvat polkuihin ja muihin ohjaaviin kohteisiin ja ovat riitt\u00e4v\u00e4n helppoja my\u00f6s vasta-alkajille\u00a0\u2013 toki suunnistuksen karttamerkit on oltava hallussa matalan kynnyksen sarja, jossa p\u00e4\u00e4set tutustumaan lajiin helposti ja turvallisesti Pakolliset&hellip;&nbsp;<a href=\"https:\/\/shop.himostrail.fi\/index.php\/tuote\/himos-jamsa-adventure-2022-enjoy-4h\/\" class=\"\" rel=\"bookmark\">Lue lis\u00e4\u00e4 &raquo;<span class=\"screen-reader-text\">Himos-J\u00e4ms\u00e4 Adventure 2026 &#8211; Enjoy 4h<\/span><\/a><\/p>\n","protected":false},"featured_media":3328,"template":"","meta":{"neve_meta_sidebar":"","neve_meta_container":"","neve_meta_enable_content_width":"off","neve_meta_content_width":0,"neve_meta_title_alignment":"","neve_meta_author_avatar":"","neve_post_elements_order":"","neve_meta_disable_header":"","neve_meta_disable_footer":"","neve_meta_disable_title":""},"_links":{"self":[{"href":"https:\/\/shop.himostrail.fi\/index.php\/wp-json\/wp\/v2\/product\/3296"}],"collection":[{"href":"https:\/\/shop.himostrail.fi\/index.php\/wp-json\/wp\/v2\/product"}],"about":[{"href":"https:\/\/shop.himostrail.fi\/index.php\/wp-json\/wp\/v2\/types\/product"}],"wp:featuredmedia":[{"embeddable":true,"href":"https:\/\/shop.himostrail.fi\/index.php\/wp-json\/wp\/v2\/media\/3328"}],"wp:attachment":[{"href":"https:\/\/shop.himostrail.fi\/index.php\/wp-json\/wp\/v2\/media?parent=3296"}],"curies":[{"name":"wp","href":"https:\/\/api.w.org\/{rel}","templated":true}]}}