{"id":1320,"date":"2021-02-17T18:00:32","date_gmt":"2021-02-17T18:00:32","guid":{"rendered":"https:\/\/shop.himostrail.fi\/?post_type=product&#038;p=1320"},"modified":"2026-03-17T00:48:13","modified_gmt":"2026-03-17T00:48:13","slug":"himos-trail-2021-kids","status":"publish","type":"product","link":"https:\/\/shop.himostrail.fi\/index.php\/tuote\/himos-trail-2021-kids\/","title":{"rendered":"Himos Trail 2026 &#8211; Kids"},"content":{"rendered":"<h1>Himos Kids<\/h1>\n<p><strong>\u2013 Hauskaa extreme liikkumista lapsille \u2013<\/strong><\/p>\n<p>Himos Kids on yhteisty\u00f6kumppaneidemme vahvasti tukema supersuosittu perjantai-illan juoksutapahtuma lapsille. Lasten juoksutapahtuma ei ole perinteinen polkujuoksu, vaan kilpailukeskuksen ytimess\u00e4 tapahtuva monipuolinen extreme-juoksukilpailu sis\u00e4lt\u00e4en mm. helposti ylitett\u00e4vi\u00e4 esteit\u00e4 ja muita vaihtelevia maastonkohtia.<\/p>\n<p>Sarjat: 6v (500m), 8v (500m), 10v (1000m), 12v (1000m) ja 14v (1000m) tyt\u00f6ille ja pojille.<\/p>\n<p>Ilmoittautuminen lasten tapahtumaan Himos Trail Kaupan kautta ennakkoon! Kaikki lapset palkitaan! Himos Kids k\u00e4ynnistyy pe 28.8 klo 19.00.<\/p>\n<h2><strong>MIT\u00c4 OSANOTTOMAKSU SIS\u00c4LT\u00c4\u00c4\u00a0 \u00a0 \u00a0 \u00a0 \u00a0 \u00a0 \u00a0 \u00a0 \u00a0 \u00a0 \u00a0 \u00a0 \u00a0 \u00a0<\/strong><\/h2>\n<p>&#8211; Kaikki lapset palkitaan maalissa osanottajapalkinnolla, mehulla ja munkilla. Lis\u00e4ksi sarjojen voittajat saavat erikoispalkinnot. Kaikkien osallistuneiden kesken arvotaan my\u00f6s arvontapalkintoja.<\/p>\n<p>&#8211; Pys\u00e4k\u00f6innin tapahtumakeskuksen tuntumassa<\/p>\n<p>&#8211; Kilpailunumeron (ei ajanottoa)<\/p>\n<p>&#8211; Ensiapupisteen maalissa<\/p>\n<p>&#8211; Kuva- ja videomateriaalia jaettavaksi osanottajien k\u00e4ytt\u00f6\u00f6n<\/p>\n<h2><strong>MIT\u00c4 OSANOTTOMAKSU EI SIS\u00c4LL\u00c4<\/strong><\/h2>\n<p>\u2013 Osanottomaksu ei sis\u00e4ll\u00e4 vakuutusta kilpailijoille. Jokainen kilpailija huolehtii omasta vakuutusturvastaan itsen\u00e4isesti.<\/p>\n","protected":false},"excerpt":{"rendered":"<p>Himos Kids \u2013 Hauskaa extreme liikkumista lapsille \u2013 Himos Kids on yhteisty\u00f6kumppaneidemme vahvasti tukema supersuosittu perjantai-illan juoksutapahtuma lapsille. Lasten juoksutapahtuma ei ole perinteinen polkujuoksu, vaan kilpailukeskuksen ytimess\u00e4 tapahtuva monipuolinen extreme-juoksukilpailu sis\u00e4lt\u00e4en mm. helposti ylitett\u00e4vi\u00e4 esteit\u00e4 ja muita vaihtelevia maastonkohtia. Sarjat: 6v (500m), 8v (500m), 10v (1000m), 12v (1000m) ja 14v (1000m) tyt\u00f6ille ja pojille. Ilmoittautuminen&hellip;&nbsp;<a href=\"https:\/\/shop.himostrail.fi\/index.php\/tuote\/himos-trail-2021-kids\/\" class=\"\" rel=\"bookmark\">Lue lis\u00e4\u00e4 &raquo;<span class=\"screen-reader-text\">Himos Trail 2026 &#8211; Kids<\/span><\/a><\/p>\n","protected":false},"featured_media":1321,"template":"","meta":{"neve_meta_sidebar":"","neve_meta_container":"","neve_meta_enable_content_width":"off","neve_meta_content_width":0,"neve_meta_title_alignment":"","neve_meta_author_avatar":"","neve_post_elements_order":"","neve_meta_disable_header":"","neve_meta_disable_footer":"","neve_meta_disable_title":""},"_links":{"self":[{"href":"https:\/\/shop.himostrail.fi\/index.php\/wp-json\/wp\/v2\/product\/1320"}],"collection":[{"href":"https:\/\/shop.himostrail.fi\/index.php\/wp-json\/wp\/v2\/product"}],"about":[{"href":"https:\/\/shop.himostrail.fi\/index.php\/wp-json\/wp\/v2\/types\/product"}],"wp:featuredmedia":[{"embeddable":true,"href":"https:\/\/shop.himostrail.fi\/index.php\/wp-json\/wp\/v2\/media\/1321"}],"wp:attachment":[{"href":"https:\/\/shop.himostrail.fi\/index.php\/wp-json\/wp\/v2\/media?parent=1320"}],"curies":[{"name":"wp","href":"https:\/\/api.w.org\/{rel}","templated":true}]}}