{"id":1318,"date":"2021-02-17T18:00:22","date_gmt":"2021-02-17T18:00:22","guid":{"rendered":"https:\/\/shop.himostrail.fi\/?post_type=product&#038;p=1318"},"modified":"2026-04-18T17:47:04","modified_gmt":"2026-04-18T17:47:04","slug":"himos-trail-2021-vaellus","status":"publish","type":"product","link":"https:\/\/shop.himostrail.fi\/index.php\/tuote\/himos-trail-2021-vaellus\/","title":{"rendered":"Himos Trail 2026 &#8211; Vaellus"},"content":{"rendered":"<h1><strong>HIMOS VAELLUS<\/strong><\/h1>\n<p><strong>\u2013\u00a0Rentoa kokeilua haluaville \u2013\u00a0<\/strong><\/p>\n<p><img loading=\"lazy\" class=\"alignnone size-full wp-image-12757\" src=\"https:\/\/shop.himostrail.fi\/wp-content\/uploads\/2021\/02\/Vaellus.png\" alt=\"\" width=\"880\" height=\"261\" srcset=\"https:\/\/shop.himostrail.fi\/wp-content\/uploads\/2021\/02\/Vaellus.png 880w, https:\/\/shop.himostrail.fi\/wp-content\/uploads\/2021\/02\/Vaellus-300x89.png 300w, https:\/\/shop.himostrail.fi\/wp-content\/uploads\/2021\/02\/Vaellus-768x228.png 768w, https:\/\/shop.himostrail.fi\/wp-content\/uploads\/2021\/02\/Vaellus-200x59.png 200w, https:\/\/shop.himostrail.fi\/wp-content\/uploads\/2021\/02\/Vaellus-400x119.png 400w\" sizes=\"(max-width: 880px) 100vw, 880px\" \/><\/p>\n<p>Ilman ajanottoa toimiva kuntoilutapahtuma vaeltajille ja sauvak\u00e4velij\u00f6ille.<\/p>\n<p>Reitti on oman valintasi mukaan 7-27 km. Osanottajille jaetaan reittikartta, josta l\u00f6ytyv\u00e4t kaikki reitit eli Easy(7km), Enjoy(11km), Challenge(16km), Half Marathon(21km) ja Extreme(27km). Himos Vaelluksen osallistujat voivat kiert\u00e4\u00e4 jonkin valmiin sarjan reitin tai yhdistell\u00e4 n\u00e4ist\u00e4 mieluisimman. Reitti on t\u00e4ysin merkitty, joten suunnistustaitoa ei tarvita. Kyltit risteyksiss\u00e4 kertovat, mihin suuntaan valitsemasi reitti kulkee. Reitin varrelta l\u00f6ytyy runsaasti juotavaa ja purtavaa sis\u00e4lt\u00e4vi\u00e4 huoltopisteit\u00e4 vaeltajille.<\/p>\n<p>&nbsp;<\/p>\n<h2><strong>MIT\u00c4 OSANOTTOMAKSU EI SIS\u00c4LL\u00c4<\/strong><\/h2>\n<p>&#8211; Osanottomaksu ei sis\u00e4ll\u00e4 vakuutusta kilpailijoille. Jokainen kilpailija huolehtii omasta vakuutusturvastaan itsen\u00e4isesti.<\/p>\n","protected":false},"excerpt":{"rendered":"<p>HIMOS VAELLUS \u2013\u00a0Rentoa kokeilua haluaville \u2013\u00a0 Ilman ajanottoa toimiva kuntoilutapahtuma vaeltajille ja sauvak\u00e4velij\u00f6ille. Reitti on oman valintasi mukaan 7-27 km. Osanottajille jaetaan reittikartta, josta l\u00f6ytyv\u00e4t kaikki reitit eli Easy(7km), Enjoy(11km), Challenge(16km), Half Marathon(21km) ja Extreme(27km). Himos Vaelluksen osallistujat voivat kiert\u00e4\u00e4 jonkin valmiin sarjan reitin tai yhdistell\u00e4 n\u00e4ist\u00e4 mieluisimman. Reitti on t\u00e4ysin merkitty, joten suunnistustaitoa ei&hellip;&nbsp;<a href=\"https:\/\/shop.himostrail.fi\/index.php\/tuote\/himos-trail-2021-vaellus\/\" class=\"\" rel=\"bookmark\">Lue lis\u00e4\u00e4 &raquo;<span class=\"screen-reader-text\">Himos Trail 2026 &#8211; Vaellus<\/span><\/a><\/p>\n","protected":false},"featured_media":12747,"template":"","meta":{"neve_meta_sidebar":"","neve_meta_container":"","neve_meta_enable_content_width":"off","neve_meta_content_width":0,"neve_meta_title_alignment":"","neve_meta_author_avatar":"","neve_post_elements_order":"","neve_meta_disable_header":"","neve_meta_disable_footer":"","neve_meta_disable_title":""},"_links":{"self":[{"href":"https:\/\/shop.himostrail.fi\/index.php\/wp-json\/wp\/v2\/product\/1318"}],"collection":[{"href":"https:\/\/shop.himostrail.fi\/index.php\/wp-json\/wp\/v2\/product"}],"about":[{"href":"https:\/\/shop.himostrail.fi\/index.php\/wp-json\/wp\/v2\/types\/product"}],"wp:featuredmedia":[{"embeddable":true,"href":"https:\/\/shop.himostrail.fi\/index.php\/wp-json\/wp\/v2\/media\/12747"}],"wp:attachment":[{"href":"https:\/\/shop.himostrail.fi\/index.php\/wp-json\/wp\/v2\/media?parent=1318"}],"curies":[{"name":"wp","href":"https:\/\/api.w.org\/{rel}","templated":true}]}}