{"id":1312,"date":"2021-02-17T18:00:57","date_gmt":"2021-02-17T18:00:57","guid":{"rendered":"https:\/\/shop.himostrail.fi\/?post_type=product&#038;p=1312"},"modified":"2026-04-15T13:20:23","modified_gmt":"2026-04-15T13:20:23","slug":"himos-trail-2021-extreme","status":"publish","type":"product","link":"https:\/\/shop.himostrail.fi\/index.php\/tuote\/himos-trail-2021-extreme\/","title":{"rendered":"Himos Trail 2026 &#8211; Extreme"},"content":{"rendered":"<h1>Himos Extreme 27km<\/h1>\n<p><strong>\u2013\u00a0Tuskan ja nautinnon etsij\u00f6ille \u2013<\/strong><\/p>\n<p><img loading=\"lazy\" class=\"alignnone size-full wp-image-12763\" src=\"https:\/\/shop.himostrail.fi\/wp-content\/uploads\/2021\/02\/Extreme.jpeg\" alt=\"\" width=\"922\" height=\"294\" srcset=\"https:\/\/shop.himostrail.fi\/wp-content\/uploads\/2021\/02\/Extreme.jpeg 922w, https:\/\/shop.himostrail.fi\/wp-content\/uploads\/2021\/02\/Extreme-300x96.jpeg 300w, https:\/\/shop.himostrail.fi\/wp-content\/uploads\/2021\/02\/Extreme-768x245.jpeg 768w, https:\/\/shop.himostrail.fi\/wp-content\/uploads\/2021\/02\/Extreme-200x64.jpeg 200w, https:\/\/shop.himostrail.fi\/wp-content\/uploads\/2021\/02\/Extreme-400x128.jpeg 400w\" sizes=\"(max-width: 922px) 100vw, 922px\" \/><\/p>\n<p>Vain Himos Extreme esittelee kaiken sen, mit\u00e4 Himoksen poluilla on n\u00e4ht\u00e4v\u00e4\u00e4 ja koettavaa. Samalla ehdit k\u00e4yd\u00e4 l\u00e4pi koko tunneskaalasi tuskan ja nautinnon v\u00e4lill\u00e4. Extreme-matka avaa juoksijalle kaikki Himoksen huiput, parhaat n\u00e4k\u00f6alat, vaativimmat nousut, pienimm\u00e4t teknisimm\u00e4t polut sek\u00e4 visuaalisesti kauneimmat paikat \u2013 ja niit\u00e4 todella riitt\u00e4\u00e4.<\/p>\n<h2><strong>\u00a0<\/strong><\/h2>\n<h2><strong>MIT\u00c4 OSANOTTOMAKSU EI SIS\u00c4LL\u00c4<\/strong><\/h2>\n<p>&#8211; Osanottomaksu ei sis\u00e4ll\u00e4 vakuutusta kilpailijoille. Jokainen kilpailija huolehtii omasta vakuutusturvastaan itsen\u00e4isesti.<\/p>\n","protected":false},"excerpt":{"rendered":"<p>Himos Extreme 27km \u2013\u00a0Tuskan ja nautinnon etsij\u00f6ille \u2013 Vain Himos Extreme esittelee kaiken sen, mit\u00e4 Himoksen poluilla on n\u00e4ht\u00e4v\u00e4\u00e4 ja koettavaa. Samalla ehdit k\u00e4yd\u00e4 l\u00e4pi koko tunneskaalasi tuskan ja nautinnon v\u00e4lill\u00e4. Extreme-matka avaa juoksijalle kaikki Himoksen huiput, parhaat n\u00e4k\u00f6alat, vaativimmat nousut, pienimm\u00e4t teknisimm\u00e4t polut sek\u00e4 visuaalisesti kauneimmat paikat \u2013 ja niit\u00e4 todella riitt\u00e4\u00e4. \u00a0 MIT\u00c4&hellip;&nbsp;<a href=\"https:\/\/shop.himostrail.fi\/index.php\/tuote\/himos-trail-2021-extreme\/\" class=\"\" rel=\"bookmark\">Lue lis\u00e4\u00e4 &raquo;<span class=\"screen-reader-text\">Himos Trail 2026 &#8211; Extreme<\/span><\/a><\/p>\n","protected":false},"featured_media":12764,"template":"","meta":{"neve_meta_sidebar":"","neve_meta_container":"","neve_meta_enable_content_width":"off","neve_meta_content_width":0,"neve_meta_title_alignment":"","neve_meta_author_avatar":"","neve_post_elements_order":"","neve_meta_disable_header":"","neve_meta_disable_footer":"","neve_meta_disable_title":""},"_links":{"self":[{"href":"https:\/\/shop.himostrail.fi\/index.php\/wp-json\/wp\/v2\/product\/1312"}],"collection":[{"href":"https:\/\/shop.himostrail.fi\/index.php\/wp-json\/wp\/v2\/product"}],"about":[{"href":"https:\/\/shop.himostrail.fi\/index.php\/wp-json\/wp\/v2\/types\/product"}],"wp:featuredmedia":[{"embeddable":true,"href":"https:\/\/shop.himostrail.fi\/index.php\/wp-json\/wp\/v2\/media\/12764"}],"wp:attachment":[{"href":"https:\/\/shop.himostrail.fi\/index.php\/wp-json\/wp\/v2\/media?parent=1312"}],"curies":[{"name":"wp","href":"https:\/\/api.w.org\/{rel}","templated":true}]}}