{"id":1303,"date":"2021-02-17T18:00:05","date_gmt":"2021-02-17T18:00:05","guid":{"rendered":"https:\/\/shop.himostrail.fi\/?post_type=product&#038;p=1303"},"modified":"2026-04-17T06:45:20","modified_gmt":"2026-04-17T06:45:20","slug":"himos-trail-2021-enjoy","status":"publish","type":"product","link":"https:\/\/shop.himostrail.fi\/index.php\/tuote\/himos-trail-2021-enjoy\/","title":{"rendered":"Himos Trail 2026 &#8211; Enjoy"},"content":{"rendered":"<h1>Himos Enjoy 11km<\/h1>\n<p><strong>\u2013 Nautiskelijoille \u2013<\/strong><\/p>\n<p><img loading=\"lazy\" class=\"alignnone size-large wp-image-12760\" src=\"https:\/\/shop.himostrail.fi\/wp-content\/uploads\/2021\/02\/Enjoy-1024x272.jpeg\" alt=\"\" width=\"1024\" height=\"272\" srcset=\"https:\/\/shop.himostrail.fi\/wp-content\/uploads\/2021\/02\/Enjoy-1024x272.jpeg 1024w, https:\/\/shop.himostrail.fi\/wp-content\/uploads\/2021\/02\/Enjoy-300x80.jpeg 300w, https:\/\/shop.himostrail.fi\/wp-content\/uploads\/2021\/02\/Enjoy-768x204.jpeg 768w, https:\/\/shop.himostrail.fi\/wp-content\/uploads\/2021\/02\/Enjoy-200x53.jpeg 200w, https:\/\/shop.himostrail.fi\/wp-content\/uploads\/2021\/02\/Enjoy-400x106.jpeg 400w, https:\/\/shop.himostrail.fi\/wp-content\/uploads\/2021\/02\/Enjoy.jpeg 1108w\" sizes=\"(max-width: 1024px) 100vw, 1024px\" \/><\/p>\n<p>T\u00e4ysin uudistunut Himos Enjoy suuntaa ensimm\u00e4ist\u00e4 kertaa ikin\u00e4 Pohjois-Himoksen pikkupoluille. Lis\u00e4ksi p\u00e4\u00e4st\u00e4\u00e4n ihastelemaan sek\u00e4 idyllinen Kivij\u00e4rven suolampi ett\u00e4 pys\u00e4ytt\u00e4v\u00e4t Paljakan kalliot. Maaliin saavutaan \u00e4llistytt\u00e4v\u00e4\u00e4 kahden kilometrin loppulaskua pitkin.<\/p>\n<p>&nbsp;<\/p>\n<h2><strong>MIT\u00c4 OSANOTTOMAKSU EI SIS\u00c4LL\u00c4<\/strong><\/h2>\n<p>\u2013 Osanottomaksu ei sis\u00e4ll\u00e4 vakuutusta kilpailijoille. Jokainen kilpailija huolehtii omasta vakuutusturvastaan itsen\u00e4isesti.<\/p>\n<p>&nbsp;<\/p>\n","protected":false},"excerpt":{"rendered":"<p>Himos Enjoy 11km \u2013 Nautiskelijoille \u2013 T\u00e4ysin uudistunut Himos Enjoy suuntaa ensimm\u00e4ist\u00e4 kertaa ikin\u00e4 Pohjois-Himoksen pikkupoluille. Lis\u00e4ksi p\u00e4\u00e4st\u00e4\u00e4n ihastelemaan sek\u00e4 idyllinen Kivij\u00e4rven suolampi ett\u00e4 pys\u00e4ytt\u00e4v\u00e4t Paljakan kalliot. Maaliin saavutaan \u00e4llistytt\u00e4v\u00e4\u00e4 kahden kilometrin loppulaskua pitkin. &nbsp; MIT\u00c4 OSANOTTOMAKSU EI SIS\u00c4LL\u00c4 \u2013 Osanottomaksu ei sis\u00e4ll\u00e4 vakuutusta kilpailijoille. Jokainen kilpailija huolehtii omasta vakuutusturvastaan itsen\u00e4isesti. &nbsp;<\/p>\n","protected":false},"featured_media":1304,"template":"","meta":{"neve_meta_sidebar":"","neve_meta_container":"","neve_meta_enable_content_width":"off","neve_meta_content_width":0,"neve_meta_title_alignment":"","neve_meta_author_avatar":"","neve_post_elements_order":"","neve_meta_disable_header":"","neve_meta_disable_footer":"","neve_meta_disable_title":""},"_links":{"self":[{"href":"https:\/\/shop.himostrail.fi\/index.php\/wp-json\/wp\/v2\/product\/1303"}],"collection":[{"href":"https:\/\/shop.himostrail.fi\/index.php\/wp-json\/wp\/v2\/product"}],"about":[{"href":"https:\/\/shop.himostrail.fi\/index.php\/wp-json\/wp\/v2\/types\/product"}],"wp:featuredmedia":[{"embeddable":true,"href":"https:\/\/shop.himostrail.fi\/index.php\/wp-json\/wp\/v2\/media\/1304"}],"wp:attachment":[{"href":"https:\/\/shop.himostrail.fi\/index.php\/wp-json\/wp\/v2\/media?parent=1303"}],"curies":[{"name":"wp","href":"https:\/\/api.w.org\/{rel}","templated":true}]}}