{"id":12752,"date":"2026-02-12T20:47:48","date_gmt":"2026-02-12T20:47:48","guid":{"rendered":"https:\/\/shop.himostrail.fi\/?post_type=product&#038;p=12752"},"modified":"2026-04-15T09:25:26","modified_gmt":"2026-04-15T09:25:26","slug":"himos-trail-2025-himos-double-extreme-kopio-2","status":"publish","type":"product","link":"https:\/\/shop.himostrail.fi\/index.php\/tuote\/himos-trail-2025-himos-double-extreme-kopio-2\/","title":{"rendered":"Himos Trail 2026 &#8211; Tour de J\u00e4ms\u00e4"},"content":{"rendered":"<h1>Tour de J\u00e4ms\u00e4 65km<\/h1>\n<p><strong>\u2013 Polkujen artisteille \u2013<\/strong><\/p>\n<p><img loading=\"lazy\" class=\"alignnone size-large wp-image-12767\" src=\"https:\/\/shop.himostrail.fi\/wp-content\/uploads\/2026\/02\/Touri-1024x312.jpeg\" alt=\"\" width=\"1024\" height=\"312\" srcset=\"https:\/\/shop.himostrail.fi\/wp-content\/uploads\/2026\/02\/Touri-1024x312.jpeg 1024w, https:\/\/shop.himostrail.fi\/wp-content\/uploads\/2026\/02\/Touri-300x91.jpeg 300w, https:\/\/shop.himostrail.fi\/wp-content\/uploads\/2026\/02\/Touri-768x234.jpeg 768w, https:\/\/shop.himostrail.fi\/wp-content\/uploads\/2026\/02\/Touri-200x61.jpeg 200w, https:\/\/shop.himostrail.fi\/wp-content\/uploads\/2026\/02\/Touri-400x122.jpeg 400w, https:\/\/shop.himostrail.fi\/wp-content\/uploads\/2026\/02\/Touri.jpeg 1233w\" sizes=\"(max-width: 1024px) 100vw, 1024px\" \/><\/p>\n<p>Yksisuuntainen ultramatka, joka esittelee kiinnostavassa paketissa J\u00e4ms\u00e4n seudun upeimmat polut. Reitti starttaa J\u00e4ms\u00e4nkosken tasaisilta neulaspoluilta, jatkaa keskivaiheen runsaasti kumpuileville pikkupoluille ja saapuu lopuksi Himos-vuoristoon sankkojen kannustusjoukkojen ymp\u00e4r\u00f6im\u00e4ksi.<\/p>\n<p><strong>Erityisohjeet \u2013 Tour de J\u00e4ms\u00e4:<\/strong><\/p>\n<p>Reittiopastus toteutetaan GPX-tiedoston avulla, joten osallistujat vastaavat itse reitill\u00e4 pysymisest\u00e4 esimerkiksi urheilukellon avulla. Kaikki osallistujat kantavat GPS-laitetta, joka samalla todentaa reitin noudattamisen. Oikaisusta lis\u00e4t\u00e4\u00e4n loppuaikaan kaksinkertainen aika oikaisusta saavutettuun etuun verrattuna. Tapahtumareitti julkaistaan ilmoittautuneille viimeist\u00e4\u00e4n kaksi viikkoa ennen tapahtumaa. Alkumatkasta huoltopisteet 15-20km v\u00e4lein, loppumatkasta 6-8km v\u00e4lein. Osallistujalla on mahdollisuus ostaa bussikuljetus(7e) Himoksen tapahtumakeskuksesta l\u00e4ht\u00f6paikalle J\u00e4ms\u00e4nkosken j\u00e4\u00e4hallille tai huolehtia kuljetuksestaan itsen\u00e4isesti. Tour de J\u00e4ms\u00e4n maksimiaika on 12h.<\/p>\n<p><strong>Pakolliset varusteet \u2013 Tour de J\u00e4ms\u00e4:<\/strong><\/p>\n<p>GPX-opastuksen mahdollistava laite, GPS-seuranlaite(tulee j\u00e4rjest\u00e4j\u00e4lt\u00e4), puhelin(t\u00e4yteen ladattu ja aina p\u00e4\u00e4ll\u00e4), itsekiinnittyv\u00e4 tukiside, juomapullo\/rakko(min 1,5l), varaenergiaa, muki(juomapisteill\u00e4 ei mukeja).<\/p>\n<h2><strong>MIT\u00c4 OSANOTTOMAKSU EI SIS\u00c4LL\u00c4<\/strong><\/h2>\n<p>\u2013 Osanottomaksu ei sis\u00e4ll\u00e4 vakuutusta kilpailijoille. Jokainen kilpailija huolehtii omasta vakuutusturvastaan itsen\u00e4isesti.<\/p>\n","protected":false},"excerpt":{"rendered":"<p>Tour de J\u00e4ms\u00e4 65km \u2013 Polkujen artisteille \u2013 Yksisuuntainen ultramatka, joka esittelee kiinnostavassa paketissa J\u00e4ms\u00e4n seudun upeimmat polut. Reitti starttaa J\u00e4ms\u00e4nkosken tasaisilta neulaspoluilta, jatkaa keskivaiheen runsaasti kumpuileville pikkupoluille ja saapuu lopuksi Himos-vuoristoon sankkojen kannustusjoukkojen ymp\u00e4r\u00f6im\u00e4ksi. Erityisohjeet \u2013 Tour de J\u00e4ms\u00e4: Reittiopastus toteutetaan GPX-tiedoston avulla, joten osallistujat vastaavat itse reitill\u00e4 pysymisest\u00e4 esimerkiksi urheilukellon avulla. Kaikki osallistujat&hellip;&nbsp;<a href=\"https:\/\/shop.himostrail.fi\/index.php\/tuote\/himos-trail-2025-himos-double-extreme-kopio-2\/\" class=\"\" rel=\"bookmark\">Lue lis\u00e4\u00e4 &raquo;<span class=\"screen-reader-text\">Himos Trail 2026 &#8211; Tour de J\u00e4ms\u00e4<\/span><\/a><\/p>\n","protected":false},"featured_media":12753,"template":"","meta":{"neve_meta_sidebar":"","neve_meta_container":"","neve_meta_enable_content_width":"off","neve_meta_content_width":0,"neve_meta_title_alignment":"","neve_meta_author_avatar":"","neve_post_elements_order":"","neve_meta_disable_header":"","neve_meta_disable_footer":"","neve_meta_disable_title":""},"_links":{"self":[{"href":"https:\/\/shop.himostrail.fi\/index.php\/wp-json\/wp\/v2\/product\/12752"}],"collection":[{"href":"https:\/\/shop.himostrail.fi\/index.php\/wp-json\/wp\/v2\/product"}],"about":[{"href":"https:\/\/shop.himostrail.fi\/index.php\/wp-json\/wp\/v2\/types\/product"}],"wp:featuredmedia":[{"embeddable":true,"href":"https:\/\/shop.himostrail.fi\/index.php\/wp-json\/wp\/v2\/media\/12753"}],"wp:attachment":[{"href":"https:\/\/shop.himostrail.fi\/index.php\/wp-json\/wp\/v2\/media?parent=12752"}],"curies":[{"name":"wp","href":"https:\/\/api.w.org\/{rel}","templated":true}]}}