{"id":12742,"date":"2026-02-12T20:15:23","date_gmt":"2026-02-12T20:15:23","guid":{"rendered":"https:\/\/shop.himostrail.fi\/?post_type=product&#038;p=12742"},"modified":"2026-04-11T19:46:33","modified_gmt":"2026-04-11T19:46:33","slug":"himos-trail-2026-half-marathon","status":"publish","type":"product","link":"https:\/\/shop.himostrail.fi\/index.php\/tuote\/himos-trail-2026-half-marathon\/","title":{"rendered":"Himos Trail 2026 &#8211; Half Marathon"},"content":{"rendered":"<h1>Himos Half Marathon 21km<\/h1>\n<p><strong>\u2013 Puolihulluille \u2013<\/strong><\/p>\n<p><img loading=\"lazy\" class=\"alignnone size-full wp-image-12761\" src=\"https:\/\/shop.himostrail.fi\/wp-content\/uploads\/2026\/02\/Half.jpeg\" alt=\"\" width=\"895\" height=\"241\" srcset=\"https:\/\/shop.himostrail.fi\/wp-content\/uploads\/2026\/02\/Half.jpeg 895w, https:\/\/shop.himostrail.fi\/wp-content\/uploads\/2026\/02\/Half-300x81.jpeg 300w, https:\/\/shop.himostrail.fi\/wp-content\/uploads\/2026\/02\/Half-768x207.jpeg 768w, https:\/\/shop.himostrail.fi\/wp-content\/uploads\/2026\/02\/Half-200x54.jpeg 200w, https:\/\/shop.himostrail.fi\/wp-content\/uploads\/2026\/02\/Half-400x108.jpeg 400w\" sizes=\"(max-width: 895px) 100vw, 895px\" \/><\/p>\n<p>Uutuusmatka Himos Half Marathon avaa mahdollisuuden hullutella maanteilt\u00e4 tutulla puolimaratonilla. Nyt tie maaliin ei ole tosin tasoitettu, vaan korkeuseroilla herkutellaan oikein luvan kanssa. Reitti sis\u00e4lt\u00e4\u00e4 my\u00f6s kuuluisan nelivetonousun. K\u00e4rsimys toki palkitaan, sill\u00e4 reitilt\u00e4 l\u00f6ytyv\u00e4t kaikki Himoksen parhaat maisemat.<\/p>\n<p>&nbsp;<\/p>\n<h2><strong>MIT\u00c4 OSANOTTOMAKSU EI SIS\u00c4LL\u00c4<\/strong><\/h2>\n<p>&#8211; Osanottomaksu ei sis\u00e4ll\u00e4 vakuutusta kilpailijoille. Jokainen kilpailija huolehtii omasta vakuutusturvastaan itsen\u00e4isesti.<\/p>\n","protected":false},"excerpt":{"rendered":"<p>Himos Half Marathon 21km \u2013 Puolihulluille \u2013 Uutuusmatka Himos Half Marathon avaa mahdollisuuden hullutella maanteilt\u00e4 tutulla puolimaratonilla. Nyt tie maaliin ei ole tosin tasoitettu, vaan korkeuseroilla herkutellaan oikein luvan kanssa. Reitti sis\u00e4lt\u00e4\u00e4 my\u00f6s kuuluisan nelivetonousun. K\u00e4rsimys toki palkitaan, sill\u00e4 reitilt\u00e4 l\u00f6ytyv\u00e4t kaikki Himoksen parhaat maisemat. &nbsp; MIT\u00c4 OSANOTTOMAKSU EI SIS\u00c4LL\u00c4 &#8211; Osanottomaksu ei sis\u00e4ll\u00e4 vakuutusta&hellip;&nbsp;<a href=\"https:\/\/shop.himostrail.fi\/index.php\/tuote\/himos-trail-2026-half-marathon\/\" class=\"\" rel=\"bookmark\">Lue lis\u00e4\u00e4 &raquo;<span class=\"screen-reader-text\">Himos Trail 2026 &#8211; Half Marathon<\/span><\/a><\/p>\n","protected":false},"featured_media":12743,"template":"","meta":{"neve_meta_sidebar":"","neve_meta_container":"","neve_meta_enable_content_width":"off","neve_meta_content_width":0,"neve_meta_title_alignment":"","neve_meta_author_avatar":"","neve_post_elements_order":"","neve_meta_disable_header":"","neve_meta_disable_footer":"","neve_meta_disable_title":""},"_links":{"self":[{"href":"https:\/\/shop.himostrail.fi\/index.php\/wp-json\/wp\/v2\/product\/12742"}],"collection":[{"href":"https:\/\/shop.himostrail.fi\/index.php\/wp-json\/wp\/v2\/product"}],"about":[{"href":"https:\/\/shop.himostrail.fi\/index.php\/wp-json\/wp\/v2\/types\/product"}],"wp:featuredmedia":[{"embeddable":true,"href":"https:\/\/shop.himostrail.fi\/index.php\/wp-json\/wp\/v2\/media\/12743"}],"wp:attachment":[{"href":"https:\/\/shop.himostrail.fi\/index.php\/wp-json\/wp\/v2\/media?parent=12742"}],"curies":[{"name":"wp","href":"https:\/\/api.w.org\/{rel}","templated":true}]}}