{"id":12727,"date":"2026-02-02T16:40:44","date_gmt":"2026-02-02T16:40:44","guid":{"rendered":"https:\/\/shop.himostrail.fi\/?post_type=product&#038;p=12727"},"modified":"2026-02-02T17:56:50","modified_gmt":"2026-02-02T17:56:50","slug":"himos-trail-pipo-buff","status":"publish","type":"product","link":"https:\/\/shop.himostrail.fi\/index.php\/tuote\/himos-trail-pipo-buff\/","title":{"rendered":"Himos Trail &#8211; pipo"},"content":{"rendered":"<p>Himos Trail -tuotevalikoiman pys\u00e4ytt\u00e4v\u00e4n mehukas uutuus &#8211; k\u00e4\u00e4nnett\u00e4v\u00e4 BUFF Thermonet -pipo! Trendik\u00e4s talvijuoksuun soveltuva pipo syk\u00e4hdytt\u00e4v\u00e4ll\u00e4 Himos Trail -kuosilla. Materiaali on urheiluun suunniteltu ja todella miellytt\u00e4v\u00e4!<\/p>\n<p>K\u00e4\u00e4nnett\u00e4v\u00e4 ja tuultapit\u00e4v\u00e4 aktiiviliikkujan pipo kylmiin olosuhteisiin. Uudistunut Thermonet on Primaloft-kuidun ansiosta eritt\u00e4in l\u00e4mmin ja hengitt\u00e4v\u00e4 materiaali, tuntumatta liian paksulta. Pipon valmistuksessa on k\u00e4ytetty yksi kierr\u00e4tysmuovipullo.<\/p>\n<p>Ominaisuudet:<\/p>\n<p>&#8211; K\u00e4ytett\u00e4viss\u00e4 molemmin p\u00e4in. Toisella puolella musta-harmaas\u00e4vyinen kuosi ja toisella pinkki-lilas\u00e4vyinen kuosi.<\/p>\n<p>&#8211; Nelj\u00e4\u00e4n suuntaan joustava<\/p>\n<p>&#8211; Tuultapit\u00e4v\u00e4<\/p>\n<p>&#8211; Kevyt<\/p>\n<p>&#8211; Materiaali: 58 % kierr\u00e4tetty polyesteri, 38 % Primaloft polyesteri, 4% elastaani<\/p>\n<p>&#8211; Siirt\u00e4\u00e4 hyvin kosteutta pois iholta<\/p>\n<p>&#8211; Kuivuu nopeasti<\/p>\n","protected":false},"excerpt":{"rendered":"<p>Himos Trail -tuotevalikoiman pys\u00e4ytt\u00e4v\u00e4n mehukas uutuus &#8211; k\u00e4\u00e4nnett\u00e4v\u00e4 BUFF Thermonet -pipo! Trendik\u00e4s talvijuoksuun soveltuva pipo syk\u00e4hdytt\u00e4v\u00e4ll\u00e4 Himos Trail -kuosilla. Materiaali on urheiluun suunniteltu ja todella miellytt\u00e4v\u00e4! K\u00e4\u00e4nnett\u00e4v\u00e4 ja tuultapit\u00e4v\u00e4 aktiiviliikkujan pipo kylmiin olosuhteisiin. Uudistunut Thermonet on Primaloft-kuidun ansiosta eritt\u00e4in l\u00e4mmin ja hengitt\u00e4v\u00e4 materiaali, tuntumatta liian paksulta. Pipon valmistuksessa on k\u00e4ytetty yksi kierr\u00e4tysmuovipullo. Ominaisuudet: &#8211; K\u00e4ytett\u00e4viss\u00e4&hellip;&nbsp;<a href=\"https:\/\/shop.himostrail.fi\/index.php\/tuote\/himos-trail-pipo-buff\/\" class=\"\" rel=\"bookmark\">Lue lis\u00e4\u00e4 &raquo;<span class=\"screen-reader-text\">Himos Trail &#8211; pipo<\/span><\/a><\/p>\n","protected":false},"featured_media":12730,"template":"","meta":{"neve_meta_sidebar":"full-width","neve_meta_container":"","neve_meta_enable_content_width":"off","neve_meta_content_width":0,"neve_meta_title_alignment":"","neve_meta_author_avatar":"","neve_post_elements_order":"","neve_meta_disable_header":"","neve_meta_disable_footer":"","neve_meta_disable_title":""},"_links":{"self":[{"href":"https:\/\/shop.himostrail.fi\/index.php\/wp-json\/wp\/v2\/product\/12727"}],"collection":[{"href":"https:\/\/shop.himostrail.fi\/index.php\/wp-json\/wp\/v2\/product"}],"about":[{"href":"https:\/\/shop.himostrail.fi\/index.php\/wp-json\/wp\/v2\/types\/product"}],"wp:featuredmedia":[{"embeddable":true,"href":"https:\/\/shop.himostrail.fi\/index.php\/wp-json\/wp\/v2\/media\/12730"}],"wp:attachment":[{"href":"https:\/\/shop.himostrail.fi\/index.php\/wp-json\/wp\/v2\/media?parent=12727"}],"curies":[{"name":"wp","href":"https:\/\/api.w.org\/{rel}","templated":true}]}}