{"id":11069,"date":"2025-07-03T09:08:52","date_gmt":"2025-07-03T09:08:52","guid":{"rendered":"https:\/\/shop.himostrail.fi\/?post_type=product&#038;p=11069"},"modified":"2025-10-31T19:53:53","modified_gmt":"2025-10-31T19:53:53","slug":"himos-trail-tuubihuivibuff-vihrea","status":"publish","type":"product","link":"https:\/\/shop.himostrail.fi\/index.php\/tuote\/himos-trail-tuubihuivibuff-vihrea\/","title":{"rendered":"Himos Trail -tuubihuivi(BUFF), vihre\u00e4"},"content":{"rendered":"<p>Himos Trail-tapahtuman omalla tyylikk\u00e4\u00e4ll\u00e4 designilla marinoitu uutuus! N\u00e4ytt\u00e4v\u00e4 BUFF-tuubihuivi on mallia Original EcoStretch. T\u00e4m\u00e4 aito ja alkuper\u00e4inen BUFF\u00ae-putkihuivi joustaa nelj\u00e4\u00e4n suuntaan, suojaa viimalta, kylm\u00e4lt\u00e4 ja auringon haitallisilta s\u00e4teilt\u00e4 sek\u00e4 siirt\u00e4\u00e4 kosteutta pois iholta ja kuivuu nopeasti. Monik\u00e4ytt\u00f6inen BUFF\u00ae toimii esim. pipona, kaulurina, maskina, balaklavana tai pantana. Materiaalina toimii 95% kierr\u00e4tyspullosta tehty polyesteri, 5% elastaani.<\/p>\n","protected":false},"excerpt":{"rendered":"<p>Himos Trail-tapahtuman omalla tyylikk\u00e4\u00e4ll\u00e4 designilla marinoitu uutuus! N\u00e4ytt\u00e4v\u00e4 BUFF-tuubihuivi on mallia Original EcoStretch. T\u00e4m\u00e4 aito ja alkuper\u00e4inen BUFF\u00ae-putkihuivi joustaa nelj\u00e4\u00e4n suuntaan, suojaa viimalta, kylm\u00e4lt\u00e4 ja auringon haitallisilta s\u00e4teilt\u00e4 sek\u00e4 siirt\u00e4\u00e4 kosteutta pois iholta ja kuivuu nopeasti. Monik\u00e4ytt\u00f6inen BUFF\u00ae toimii esim. pipona, kaulurina, maskina, balaklavana tai pantana. Materiaalina toimii 95% kierr\u00e4tyspullosta tehty polyesteri, 5% elastaani.<\/p>\n","protected":false},"featured_media":11070,"template":"","meta":{"neve_meta_sidebar":"","neve_meta_container":"","neve_meta_enable_content_width":"off","neve_meta_content_width":0,"neve_meta_title_alignment":"","neve_meta_author_avatar":"","neve_post_elements_order":"","neve_meta_disable_header":"","neve_meta_disable_footer":"","neve_meta_disable_title":""},"_links":{"self":[{"href":"https:\/\/shop.himostrail.fi\/index.php\/wp-json\/wp\/v2\/product\/11069"}],"collection":[{"href":"https:\/\/shop.himostrail.fi\/index.php\/wp-json\/wp\/v2\/product"}],"about":[{"href":"https:\/\/shop.himostrail.fi\/index.php\/wp-json\/wp\/v2\/types\/product"}],"wp:featuredmedia":[{"embeddable":true,"href":"https:\/\/shop.himostrail.fi\/index.php\/wp-json\/wp\/v2\/media\/11070"}],"wp:attachment":[{"href":"https:\/\/shop.himostrail.fi\/index.php\/wp-json\/wp\/v2\/media?parent=11069"}],"curies":[{"name":"wp","href":"https:\/\/api.w.org\/{rel}","templated":true}]}}