{"id":3,"date":"2020-10-27T23:40:00","date_gmt":"2020-10-27T23:40:00","guid":{"rendered":"https:\/\/shop.himostrail.fi\/?page_id=3"},"modified":"2022-02-20T07:58:50","modified_gmt":"2022-02-20T07:58:50","slug":"privacy-policy","status":"publish","type":"page","link":"https:\/\/shop.himostrail.fi\/index.php\/privacy-policy\/","title":{"rendered":"Tietosuojaseloste"},"content":{"rendered":"\n<p><br><strong>Rekisterinpit\u00e4j\u00e4<\/strong><br>T\u00e4htiSportti Oy<br><br><strong>Yhteyshenkil\u00f6<\/strong><br>Juha Taini<br>K\u00e4mmekk\u00e4polku 3, 42100 J\u00e4ms\u00e4<br>0405102788, info@himostrail.fi<br><br><strong>Rekisterin nimi<\/strong><br>Himos Trail Kauppa<br><br>Henkil\u00f6tietojen k\u00e4sittelij\u00e4n\u00e4 toimii T\u00e4htiSportti Oy.<br><\/p>\n\n\n\n<p><strong>Henkil\u00f6tietojen k\u00e4sittelyn tarkoitus ja oikeusperuste<\/strong><\/p>\n\n\n\n<p>Henkil\u00f6tietoja k\u00e4sitell\u00e4\u00e4n Rekisterinpit\u00e4j\u00e4n ja rekister\u00f6idyn v\u00e4lisen sopimuksen t\u00e4yt\u00e4nt\u00f6\u00f6npanemiseksi sek\u00e4 soveltuvin osin rekister\u00f6idyn antaman suostumuksen perusteella tilausten, ilmoittautumisten, yhteydenottojen, asioinnin, markkinoinnin, raportoinnin ja muiden asiakkuuden hoitamiseen liittyvien toimenpiteiden yhteydess\u00e4 ja mahdollistamiseksi.<\/p>\n\n\n\n<p>Rekisteriss\u00e4 k\u00e4sitelt\u00e4vi\u00e4 ilmoittautumis-, tilaus-, osto- tai muita asiointitietoja sek\u00e4 sijaintitietoja voidaan k\u00e4ytt\u00e4\u00e4 my\u00f6s profilointiin ja markkinointitoimenpiteiden sek\u00e4 asiakasviestinn\u00e4n kohdentamiseksi rekister\u00f6ity\u00e4 kiinnostavaksi. Henkil\u00f6tietoja k\u00e4sitell\u00e4\u00e4n my\u00f6s uutiskirjeen l\u00e4hett\u00e4misen, tapahtumiin sek\u00e4 muihin markkinointitoimenpiteisiin osallistumisen yhteydess\u00e4.<\/p>\n\n\n\n<p>K\u00e4sittely\u00e4 voidaan suorittaa joidenkin tapahtumien osalta my\u00f6s Rekisterinpit\u00e4j\u00e4n oikeutetun edun toteutumisen takaamiseksi. Mik\u00e4li rekister\u00f6ity ei toimita pyydettyj\u00e4 tietoja silt\u00e4 osin kuin tiedot liittyv\u00e4t kyseess\u00e4 olevaan ilmoittautumiseen, Rekisterinpit\u00e4j\u00e4 ei voi ottaa vastaan rekister\u00f6idyn ilmoittautumista eik\u00e4 sitoutua tapahtumaan osallistumista tai muuta tarkoitusta koskevaan rekisterinpit\u00e4j\u00e4n ja rekister\u00f6idyn v\u00e4liseen sopimukseen.<\/p>\n\n\n\n<p><strong>Henkil\u00f6tietojen s\u00e4ilytysaika<\/strong><br>Henkil\u00f6tietoja s\u00e4ilytet\u00e4\u00e4n niin kauan kuin on tarpeen rekister\u00f6idyn tekem\u00e4n ilmoittautumisen ja siihen liittyv\u00e4n tapahtuman, laskutuksen tms. mahdollistamiseksi. Tiedot poistetaan, kun&nbsp; Rekisterinpit\u00e4j\u00e4n m\u00e4\u00e4rittelem\u00e4 edell\u00e4 kuvatun tarpeen aiheutama s\u00e4ilytysaika on kulunut.<\/p>\n\n\n\n<p><strong>Rekisterin henkil\u00f6ryhm\u00e4t sek\u00e4 tietosis\u00e4lt\u00f6 ja henkil\u00f6tietoryhm\u00e4t<\/strong><\/p>\n\n\n\n<p>Henkil\u00f6ryhm\u00e4t, joiden tietoja voidaan k\u00e4sitell\u00e4 ovat Rekisterinpit\u00e4j\u00e4n ilmoittautumislomakkeella tietonsa sy\u00f6tt\u00e4neit\u00e4 tapahtumaan osallistujia, tilaajia tai muuten markkinointiluvan antaneita.<\/p>\n\n\n\n<p>Rekisteriss\u00e4 voidaan k\u00e4sitell\u00e4 ilmottautumislomakkeen k\u00e4ytt\u00f6tarkoituksesta riippuen erilaisia osallistumisen, tilauksen tai laskutuksen hoitamiseksi tarpeellisia tietoja, muun muassa ilmoittautuneen etu- ja sukunimi ja yhteystiedot. Rekister\u00f6idyn itsens\u00e4 sy\u00f6tt\u00e4m\u00e4t ilmoittautumistiedot saattavat sis\u00e4lt\u00e4\u00e4 mm. seuraavia tietoja:<\/p>\n\n\n\n<ul><li>s\u00e4hk\u00f6posti<\/li><li>puhelinnumero<\/li><li>osoite<\/li><li>syntym\u00e4aika<\/li><li>allergiatiedot<\/li><li>laskutustiedot<\/li><\/ul>\n\n\n\n<p><strong>S\u00e4\u00e4nn\u00f6nmukaiset tietol\u00e4hteet<\/strong><br>Ilmoittautujan ilmoittamat tiedot.<\/p>\n\n\n\n<p><strong>S\u00e4\u00e4nn\u00f6nmukaiset tietojen luovutukset<\/strong><br>Rekisteritietoja voidaan jakaa organisaation sis\u00e4ll\u00e4, sek\u00e4 tapahtuman sidosryhmien kesken. Lis\u00e4ksi rekisteritiedot siirret\u00e4\u00e4n m\u00e4\u00e4ritellylle henkil\u00f6tietojen k\u00e4sittelij\u00e4lle.Tietoja ei siirret\u00e4 EU:n tai ETA:n ulkopuolelle.<\/p>\n\n\n\n<p><strong>Rekisterin suojauksen periaatteet<\/strong><\/p>\n\n\n\n<p>Ilmoittautumislomakkeen l\u00e4hett\u00e4minen on SSL-suojattu.&nbsp; Ilmoittautumisj\u00e4rjestelm\u00e4n k\u00e4ytt\u00e4m\u00e4t palvelimet sijaitsevat Suomessa. Tietoja s\u00e4ilytet\u00e4\u00e4n teknisesti hyvin suojattuina. Fyysinen p\u00e4\u00e4sy tietoihin on estetty kulunvalvonnan, sek\u00e4 muiden turvatoimien avulla. P\u00e4\u00e4sy tietoihin vaatii riitt\u00e4v\u00e4t oikeudet ja tunnistautumisen. Luvaton p\u00e4\u00e4sy estet\u00e4\u00e4n my\u00f6s mm. palomuurien ja teknisen suojautumisen avulla. Rekisteritietoihin p\u00e4\u00e4see k\u00e4siksi ainoastaan rekisterinpit\u00e4j\u00e4 ja erikseen nimetyt tekniset henkil\u00f6t. Vain nimetyill\u00e4 henkil\u00f6ill\u00e4 on oikeus k\u00e4sitell\u00e4 ja yll\u00e4pit\u00e4\u00e4 rekisterin tietoja. K\u00e4ytt\u00e4ji\u00e4 sitoo vaitiolovelvollisuus.<\/p>\n\n\n\n<p>Rekisteritiedot varmuuskopioidaan turvallisesti ja ne ovat palautettavissa tarpeen tullen. Tietoturvan taso auditoidaan toistuvin v\u00e4liajoin joko ulkoisen tai sis\u00e4isen auditoinnin avulla.<\/p>\n\n\n\n<p><strong>Rekister\u00f6idyn oikeudet<\/strong><\/p>\n\n\n\n<p>Rekisteriss\u00e4 olevalla&nbsp; henkil\u00f6ll\u00e4 on oikeus muun muassa:<\/p>\n\n\n\n<ul><li>pyyt\u00e4\u00e4 Rekisterinpit\u00e4j\u00e4lt\u00e4 p\u00e4\u00e4sy h\u00e4nt\u00e4 itse\u00e4\u00e4n koskeviin henkil\u00f6tietoihin sek\u00e4 oikeus pyyt\u00e4\u00e4 kyseisten tietojen oikaisemista tai poistamista taikka k\u00e4sittelyn rajoittamista tai vastustaa k\u00e4sittely\u00e4 sek\u00e4 oikeutta siirt\u00e4\u00e4 tiedot j\u00e4rjestelm\u00e4st\u00e4 toiseen;<\/li><li>tarkastaa ja tarvittaessa saada korjattua mit\u00e4 tietoja h\u00e4nest\u00e4 on rekisteriss\u00e4. Pyynt\u00f6 tulee suorittaa kirjallisena rekisterin pit\u00e4j\u00e4lle. Rekisterin henkil\u00f6ll\u00e4 on oikeus muutoksiin niiss\u00e4 tiedoissa, jotka h\u00e4nest\u00e4 on kirjattu virheellisesti rekisteriin<\/li><li>niilt\u00e4 osin kuin henkil\u00f6tietojen k\u00e4sittely perustuu rekister\u00f6idyn suostumukseen oikeus peruuttaa suostumus milloin tahansa t\u00e4m\u00e4n vaikuttamatta suostumuksen perusteella ennen sen peruuttamista suoritetun k\u00e4sittelyn lainmukaisuuteen<\/li><li>tehd\u00e4 valitus henkil\u00f6tiedon k\u00e4sittelyst\u00e4 valvontaviranomaiselle<\/li><\/ul>\n","protected":false},"excerpt":{"rendered":"<p>Rekisterinpit\u00e4j\u00e4T\u00e4htiSportti Oy Yhteyshenkil\u00f6Juha TainiK\u00e4mmekk\u00e4polku 3, 42100 J\u00e4ms\u00e40405102788, info@himostrail.fi Rekisterin nimiHimos Trail Kauppa Henkil\u00f6tietojen k\u00e4sittelij\u00e4n\u00e4 toimii T\u00e4htiSportti Oy. Henkil\u00f6tietojen k\u00e4sittelyn tarkoitus ja oikeusperuste Henkil\u00f6tietoja k\u00e4sitell\u00e4\u00e4n Rekisterinpit\u00e4j\u00e4n ja rekister\u00f6idyn v\u00e4lisen sopimuksen t\u00e4yt\u00e4nt\u00f6\u00f6npanemiseksi sek\u00e4 soveltuvin osin rekister\u00f6idyn antaman suostumuksen perusteella tilausten, ilmoittautumisten, yhteydenottojen, asioinnin, markkinoinnin, raportoinnin ja muiden asiakkuuden hoitamiseen liittyvien toimenpiteiden yhteydess\u00e4 ja mahdollistamiseksi. Rekisteriss\u00e4 k\u00e4sitelt\u00e4vi\u00e4 ilmoittautumis-,&hellip;&nbsp;<a href=\"https:\/\/shop.himostrail.fi\/index.php\/privacy-policy\/\" class=\"\" rel=\"bookmark\">Lue lis\u00e4\u00e4 &raquo;<span class=\"screen-reader-text\">Tietosuojaseloste<\/span><\/a><\/p>\n","protected":false},"author":1,"featured_media":0,"parent":0,"menu_order":0,"comment_status":"closed","ping_status":"open","template":"","meta":{"neve_meta_sidebar":"","neve_meta_container":"","neve_meta_enable_content_width":"","neve_meta_content_width":0,"neve_meta_title_alignment":"","neve_meta_author_avatar":"","neve_post_elements_order":"","neve_meta_disable_header":"","neve_meta_disable_footer":"","neve_meta_disable_title":""},"_links":{"self":[{"href":"https:\/\/shop.himostrail.fi\/index.php\/wp-json\/wp\/v2\/pages\/3"}],"collection":[{"href":"https:\/\/shop.himostrail.fi\/index.php\/wp-json\/wp\/v2\/pages"}],"about":[{"href":"https:\/\/shop.himostrail.fi\/index.php\/wp-json\/wp\/v2\/types\/page"}],"author":[{"embeddable":true,"href":"https:\/\/shop.himostrail.fi\/index.php\/wp-json\/wp\/v2\/users\/1"}],"replies":[{"embeddable":true,"href":"https:\/\/shop.himostrail.fi\/index.php\/wp-json\/wp\/v2\/comments?post=3"}],"version-history":[{"count":7,"href":"https:\/\/shop.himostrail.fi\/index.php\/wp-json\/wp\/v2\/pages\/3\/revisions"}],"predecessor-version":[{"id":3323,"href":"https:\/\/shop.himostrail.fi\/index.php\/wp-json\/wp\/v2\/pages\/3\/revisions\/3323"}],"wp:attachment":[{"href":"https:\/\/shop.himostrail.fi\/index.php\/wp-json\/wp\/v2\/media?parent=3"}],"curies":[{"name":"wp","href":"https:\/\/api.w.org\/{rel}","templated":true}]}}